{"id":13382,"date":"2024-08-22T00:16:02","date_gmt":"2024-08-22T00:16:02","guid":{"rendered":"https:\/\/jessicaflores.cl\/sumate\/?page_id=13382"},"modified":"2025-09-15T19:58:02","modified_gmt":"2025-09-15T19:58:02","slug":"contacto","status":"publish","type":"page","link":"https:\/\/jessicaflores.cl\/sumate\/contacto\/","title":{"rendered":"Contacto"},"content":{"rendered":"<div class=\"wpb-content-wrapper\">[vc_section full_width=\u00bbstretch_row\u00bb pix_over_visibility=\u00bb\u00bb css=\u00bb.vc_custom_1614124508044{margin-top: 0px !important;padding-top: 0px !important;padding-bottom: 0px !important;background-color: #ffffff !important;border-radius: 10px !important;}\u00bb][vc_row full_width=\u00bbstretch_row_content_no_spaces\u00bb pix_particles_check=\u00bb\u00bb][vc_column][vc_gmaps link=\u00bb#E-8_JTNDaWZyYW1lJTIwc3JjJTNEJTIyaHR0cHMlM0ElMkYlMkZ3d3cuZ29vZ2xlLmNvbSUyRm1hcHMlMkZlbWJlZCUzRnBiJTNEJTIxMW0xOCUyMTFtMTIlMjExbTMlMjExZDUxMDMyLjY1MDgyMTQzODczNiUyMTJkLTczLjA2MzI0NjI3NjY0MzY4JTIxM2QtMzYuOTI1MjQ1MTg1OTE0NyUyMTJtMyUyMTFmMCUyMTJmMCUyMTNmMCUyMTNtMiUyMTFpMTAyNCUyMTJpNzY4JTIxNGYxMy4xJTIxM20zJTIxMW0yJTIxMXMweDk2NjliNzU2ZjgxODNkMTclMjUzQTB4NzA3YWEzMDE3NTEyZGVhNCUyMTJ6UTJocFozVmhlV0Z1ZEdVc0lFTERyVzhnUXNPdGJ3JTIxNWUwJTIxM20yJTIxMXNlcy00MTklMjEyc2NsJTIxNHYxNzI0Mjg0NzkxMjMyJTIxNW0yJTIxMXNlcy00MTklMjEyc2NsJTIyJTIwd2lkdGglM0QlMjI2MDAlMjIlMjBoZWlnaHQlM0QlMjI0NTAlMjIlMjBzdHlsZSUzRCUyMmJvcmRlciUzQTAlM0IlMjIlMjBhbGxvd2Z1bGxzY3JlZW4lM0QlMjIlMjIlMjBsb2FkaW5nJTNEJTIybGF6eSUyMiUyMHJlZmVycmVycG9saWN5JTNEJTIybm8tcmVmZXJyZXItd2hlbi1kb3duZ3JhZGUlMjIlM0UlM0MlMkZpZnJhbWUlM0U=\u00bb css=\u00bb\u00bb][\/vc_column][\/vc_row][vc_row full_width=\u00bbstretch_row\u00bb pix_particles_check=\u00bb\u00bb css=\u00bb.vc_custom_1636589419767{padding-bottom: 20px !important;}\u00bb][vc_column content_align=\u00bbtext-center\u00bb]<div  class=\"pix-heading-el text-center  vc_custom_1724282440025\"><div class=\"d-inline-block\" style=\"max-width:500px;\"><div><div class=\"slide-in-container2\"><h2 class=\"text-heading-default font-weight-bold display-3 animate-in heading-text el-title_custom_color mb-12\" style=\"\" data-anim-type=\"fade-in-up\" data-anim-delay=\"100\">\u00a1Hablemos!<\/h2><\/div><\/div><\/div><\/div><div class=\"text-heading-default text-center pix-social-icons font-weight-bold d-inline-block w-100  vc_custom_1726256951746\" style=\"font-size:40px;\"><a target=\"_blank\" href=\"https:\/\/www.facebook.com\/jessicafloreschiguayante\" aria-label=\"pixicon-facebook3\" class=\"text-heading-default animate-in d-inline-block fly-sm  px-3\" data-anim-type=\"pix-3d-up-in\" data-anim-delay=\"400\"><i class=\"pixicon-facebook3\" style=\"\"><\/i><\/a><a target=\"_blank\" href=\"https:\/\/x.com\/jessicafloresr\" aria-label=\"pixicon-twitter\" class=\"text-heading-default animate-in d-inline-block fly-sm  px-3\" data-anim-type=\"pix-3d-up-in\" data-anim-delay=\"500\"><i class=\"pixicon-twitter\" style=\"\"><\/i><\/a><a target=\"_blank\" href=\"https:\/\/www.instagram.com\/jessicaflores_chiguayante\/\" aria-label=\"pixicon-instagram2\" class=\"text-heading-default animate-in d-inline-block fly-sm  px-3\" data-anim-type=\"pix-3d-up-in\" data-anim-delay=\"600\"><i class=\"pixicon-instagram2\" style=\"\"><\/i><\/a><a target=\"_blank\" href=\"https:\/\/wa.me\/56998864547\" aria-label=\"pixicon-whatsapp2\" class=\"text-heading-default animate-in d-inline-block fly-sm  px-3\" data-anim-type=\"pix-3d-up-in\" data-anim-delay=\"700\"><i class=\"pixicon-whatsapp2\" style=\"\"><\/i><\/a><\/div>[\/vc_column][\/vc_row][\/vc_section][vc_section full_width=\u00bbstretch_row\u00bb pix_over_visibility=\u00bb\u00bb top_divider_select=\u00bb20&#8243; top_layers=\u00bb1&#8243; t_1_color=\u00bb#f8f9fa\u00bb pix_visibility=\u00bb1&#8243; css=\u00bb.vc_custom_1593050780184{padding-top: 80px !important;padding-bottom: 80px !important;background-color: #ffffff !important;}\u00bb][vc_row full_width=\u00bbstretch_row\u00bb pix_particles_check=\u00bb\u00bb][vc_column css=\u00bb.vc_custom_1588804849684{padding-top: 20px !important;padding-bottom: 20px !important;}\u00bb offset=\u00bbvc_col-md-offset-2 vc_col-md-8&#8243;]<div class=\"card  overflow-hidden row no-gutters flex-column flex-md-row flex-md-row-reverse   vc_custom_1724957019483 shadow-lg  animate-in \" data-anim-delay=\"0\" data-anim-type=\"fade-in-up\"><div class=\"flex-column d-inline-flex position-relative col-md-6\"><img decoding=\"async\" class=\"pix-lazy card-img pix-fit-cover rounded-0 flex-grow-1 h-100\" src=\"https:\/\/jessicaflores.cl\/sumate\/wp-content\/plugins\/pixfort-core\/functions\/images\/loading.webp\" data-srcset=\"https:\/\/jessicaflores.cl\/sumate\/wp-content\/uploads\/2024\/08\/Jessica-Flores-Web-Form-Cont-300x200.png 300w, https:\/\/jessicaflores.cl\/sumate\/wp-content\/uploads\/2024\/08\/Jessica-Flores-Web-Form-Cont-1024x683.png 1024w, https:\/\/jessicaflores.cl\/sumate\/wp-content\/uploads\/2024\/08\/Jessica-Flores-Web-Form-Cont-768x512.png 768w, https:\/\/jessicaflores.cl\/sumate\/wp-content\/uploads\/2024\/08\/Jessica-Flores-Web-Form-Cont.png 1200w\" data-src=\"https:\/\/jessicaflores.cl\/sumate\/wp-content\/uploads\/2024\/08\/Jessica-Flores-Web-Form-Cont.png\" loading=\"lazy\" alt=\"\" \/><\/div><div class=\"card-body d-flex2 align-content-between flex-wrap col-md-6 p-lg-5 p-md-5 p-4 \"><span class=\"pix-badge-element h6 d-inline-block mr-1 animate-in\" data-anim-type=\"fade-in-up\" data-anim-delay=\"0\"><span class=\"badge font-weight-bold secondary-font shadow-hover-lg bg-gray-1  vc_custom_1724955067546  \" style=\" \"><span class=\"text-heading-default\" style=\"\">\u00a1Hablemos!<\/span><\/span><\/span><div id=\"el1724955028238-cb072656-7e47\" class=\"mb-3 text-left  vc_custom_1724955295738\"><h5 class=\"mb-32 pix-sliding-headline-2 animate-in font-weight-bold secondary-font \" data-anim-type=\"pix-sliding-text\" pix-anim-delay=\"500\" data-class=\"secondary-font text-heading-default\" style=\"\"><span class=\"slide-in-container \"><span class=\"pix-sliding-item secondary-font text-heading-default\" style=\"transition-delay: 0ms;\">Conversemos&#32;<\/span><\/span> <span class=\"slide-in-container \"><span class=\"pix-sliding-item secondary-font text-heading-default\" style=\"transition-delay: 150ms;\">por&#32;<\/span><\/span> <span class=\"slide-in-container \"><span class=\"pix-sliding-item secondary-font text-heading-default\" style=\"transition-delay: 300ms;\">WhatsApp&#32;<\/span><\/span> <\/h5><\/div><div class=\"pix-el-text w-100   vc_custom_1757966277330\" ><p class=\"  text-body-default  \" ><span class=\"text-body-default animate-in d-inline-block\" data-anim-delay=\"200\" data-anim-type=\"fade-in-up\">Tu voz es clave para construir un distrito que integra las comunas de Concepci\u00f3n, San Pedro, Talcahuano, Hualp\u00e9n, Santa Juana, Chiguayante, Coronel, Florida, Hualqui, Penco y Tom\u00e9, m\u00e1s ordenado, seguro y pr\u00f3spero. Escr\u00edbeme por WhatsApp y juntos trabajaremos por el futuro que todos queremos.<\/span><\/p><\/div><div class=\"clients row   vc_custom_1724957077585\"><div class=\"d-none d-md-block clearfix w-100 col-12\"><\/div><div class=\"col-md col-12 -1  text-center client2 d-inline-block2 d-inline-flex client\"><a target=\"_blank\" href=\"https:\/\/wa.me\/56998864547\" class=\"client2 align-self-center py-3 d-inline-block w-100\" title=\"\"><img loading=\"lazy\" decoding=\"async\" src=\"https:\/\/jessicaflores.cl\/sumate\/wp-content\/uploads\/2024\/08\/Logo-WhatsApp.png\" srcset=\"https:\/\/jessicaflores.cl\/sumate\/wp-content\/uploads\/2024\/08\/Logo-WhatsApp-300x300.png 300w, https:\/\/jessicaflores.cl\/sumate\/wp-content\/uploads\/2024\/08\/Logo-WhatsApp-150x150.png 150w, https:\/\/jessicaflores.cl\/sumate\/wp-content\/uploads\/2024\/08\/Logo-WhatsApp-768x768.png 768w, https:\/\/jessicaflores.cl\/sumate\/wp-content\/uploads\/2024\/08\/Logo-WhatsApp-400x400.png 400w, https:\/\/jessicaflores.cl\/sumate\/wp-content\/uploads\/2024\/08\/Logo-WhatsApp-75x75.png 75w, https:\/\/jessicaflores.cl\/sumate\/wp-content\/uploads\/2024\/08\/Logo-WhatsApp-460x460.png 460w, https:\/\/jessicaflores.cl\/sumate\/wp-content\/uploads\/2024\/08\/Logo-WhatsApp.png 1019w\" sizes=\"auto, (max-width: 1019px) 100vw, 1019px\" width=\"1019\" height=\"1019\" class=\"animate-in\" alt=\"\" data-anim-type=\"fade-in-Img\" data-anim-delay=\"200\"><\/a><\/div><\/div>\n<\/div><\/div>\n[\/vc_column][\/vc_row][\/vc_section]<\/div>","protected":false},"excerpt":{"rendered":"[vc_section full_width=\u00bbstretch_row\u00bb pix_over_visibility=\u00bb\u00bb css=\u00bb.vc_custom_1614124508044{margin-top: 0px !important;padding-top: 0px !important;padding-bottom: 0px !important;background-color: #ffffff !important;border-radius: 10px !important;}\u00bb][vc_row full_width=\u00bbstretch_row_content_no_spaces\u00bb pix_particles_check=\u00bb\u00bb][vc_column][vc_gmaps link=\u00bb#E-8_JTNDaWZyYW1lJTIwc3JjJTNEJTIyaHR0cHMlM0ElMkYlMkZ3d3cuZ29vZ2xlLmNvbSUyRm1hcHMlMkZlbWJlZCUzRnBiJTNEJTIxMW0xOCUyMTFtMTIlMjExbTMlMjExZDUxMDMyLjY1MDgyMTQzODczNiUyMTJkLTczLjA2MzI0NjI3NjY0MzY4JTIxM2QtMzYuOTI1MjQ1MTg1OTE0NyUyMTJtMyUyMTFmMCUyMTJmMCUyMTNmMCUyMTNtMiUyMTFpMTAyNCUyMTJpNzY4JTIxNGYxMy4xJTIxM20zJTIxMW0yJTIxMXMweDk2NjliNzU2ZjgxODNkMTclMjUzQTB4NzA3YWEzMDE3NTEyZGVhNCUyMTJ6UTJocFozVmhlV0Z1ZEdVc0lFTERyVzhnUXNPdGJ3JTIxNWUwJTIxM20yJTIxMXNlcy00MTklMjEyc2NsJTIxNHYxNzI0Mjg0NzkxMjMyJTIxNW0yJTIxMXNlcy00MTklMjEyc2NsJTIyJTIwd2lkdGglM0QlMjI2MDAlMjIlMjBoZWlnaHQlM0QlMjI0NTAlMjIlMjBzdHlsZSUzRCUyMmJvcmRlciUzQTAlM0IlMjIlMjBhbGxvd2Z1bGxzY3JlZW4lM0QlMjIlMjIlMjBsb2FkaW5nJTNEJTIybGF6eSUyMiUyMHJlZmVycmVycG9saWN5JTNEJTIybm8tcmVmZXJyZXItd2hlbi1kb3duZ3JhZGUlMjIlM0UlM0MlMkZpZnJhbWUlM0U=\u00bb css=\u00bb\u00bb][\/vc_column][\/vc_row][vc_row full_width=\u00bbstretch_row\u00bb pix_particles_check=\u00bb\u00bb css=\u00bb.vc_custom_1636589419767{padding-bottom: 20px !important;}\u00bb][vc_column content_align=\u00bbtext-center\u00bb][\/vc_column][\/vc_row][\/vc_section][vc_section full_width=\u00bbstretch_row\u00bb pix_over_visibility=\u00bb\u00bb top_divider_select=\u00bb20&#8243; top_layers=\u00bb1&#8243; t_1_color=\u00bb#f8f9fa\u00bb pix_visibility=\u00bb1&#8243; css=\u00bb.vc_custom_1593050780184{padding-top: 80px !important;padding-bottom: 80px !important;background-color: #ffffff !important;}\u00bb][vc_row full_width=\u00bbstretch_row\u00bb pix_particles_check=\u00bb\u00bb][vc_column css=\u00bb.vc_custom_1588804849684{padding-top:&#8230;","protected":false},"author":2,"featured_media":0,"parent":0,"menu_order":0,"comment_status":"closed","ping_status":"closed","template":"","meta":{"footnotes":""},"class_list":["post-13382","page","type-page","status-publish","hentry"],"_links":{"self":[{"href":"https:\/\/jessicaflores.cl\/sumate\/wp-json\/wp\/v2\/pages\/13382","targetHints":{"allow":["GET"]}}],"collection":[{"href":"https:\/\/jessicaflores.cl\/sumate\/wp-json\/wp\/v2\/pages"}],"about":[{"href":"https:\/\/jessicaflores.cl\/sumate\/wp-json\/wp\/v2\/types\/page"}],"author":[{"embeddable":true,"href":"https:\/\/jessicaflores.cl\/sumate\/wp-json\/wp\/v2\/users\/2"}],"replies":[{"embeddable":true,"href":"https:\/\/jessicaflores.cl\/sumate\/wp-json\/wp\/v2\/comments?post=13382"}],"version-history":[{"count":31,"href":"https:\/\/jessicaflores.cl\/sumate\/wp-json\/wp\/v2\/pages\/13382\/revisions"}],"predecessor-version":[{"id":13509,"href":"https:\/\/jessicaflores.cl\/sumate\/wp-json\/wp\/v2\/pages\/13382\/revisions\/13509"}],"wp:attachment":[{"href":"https:\/\/jessicaflores.cl\/sumate\/wp-json\/wp\/v2\/media?parent=13382"}],"curies":[{"name":"wp","href":"https:\/\/api.w.org\/{rel}","templated":true}]}}