{"id":13357,"date":"2024-08-21T20:14:48","date_gmt":"2024-08-21T20:14:48","guid":{"rendered":"https:\/\/jessicaflores.cl\/sumate\/?page_id=13357"},"modified":"2024-08-29T19:16:38","modified_gmt":"2024-08-29T19:16:38","slug":"sobre-mi","status":"publish","type":"page","link":"https:\/\/jessicaflores.cl\/sumate\/sobre-mi\/","title":{"rendered":"Sobre mi"},"content":{"rendered":"<div class=\"wpb-content-wrapper\">[vc_section full_width=\u00bbstretch_row\u00bb pix_over_visibility=\u00bb\u00bb bottom_divider_select=\u00bb8&#8243; bottom_layers=\u00bb1&#8243; b_1_color=\u00bb#f8f9fa\u00bb pix_overlay_color=\u00bbgradient-primary\u00bb b_custom_height=\u00bb400px\u00bb css=\u00bb.vc_custom_1592788832640{padding-top: 60px !important;padding-bottom: 120px !important;background: #ffffff url(https:\/\/essentials.pixfort.com\/personal\/wp-content\/uploads\/sites\/25\/2020\/06\/pattern-people-white.png?id=3523) !important;background-position: 0 0 !important;background-repeat: repeat !important;}\u00bb t_custom_height=\u00bb400px\u00bb pix_overlay_opacity=\u00bb0.9&#8243;][vc_row full_width=\u00bbstretch_row\u00bb pix_particles_check=\u00bb\u00bb css=\u00bb.vc_custom_1591622041582{padding-top: 60px !important;}\u00bb][vc_column]<div class=\"pix-content-stack  pix-left-content  mb-2\"><div class=\"img-el rounded-lg animate-in  shadow-lg shadow-hover-lg fly-sm \" data-anim-type=\"fade-in-up\" data-anim-delay=\"0\"><img decoding=\"async\" src=\"https:\/\/jessicaflores.cl\/sumate\/wp-content\/plugins\/pixfort-core\/functions\/images\/loading.webp\" data-srcset=\"https:\/\/jessicaflores.cl\/sumate\/wp-content\/uploads\/2024\/08\/Jessica-Flores-Sobre-Mi-300x200.png 300w, https:\/\/jessicaflores.cl\/sumate\/wp-content\/uploads\/2024\/08\/Jessica-Flores-Sobre-Mi-1024x683.png 1024w, https:\/\/jessicaflores.cl\/sumate\/wp-content\/uploads\/2024\/08\/Jessica-Flores-Sobre-Mi-768x512.png 768w, https:\/\/jessicaflores.cl\/sumate\/wp-content\/uploads\/2024\/08\/Jessica-Flores-Sobre-Mi.png 1200w\" data-src=\"https:\/\/jessicaflores.cl\/sumate\/wp-content\/uploads\/2024\/08\/Jessica-Flores-Sobre-Mi.png\" loading=\"lazy\" class=\"pix-lazy rounded-lg img-fluid \" alt=\"\" ><\/div><div class=\"content-el animate-in\" data-anim-type=\"fade-in-up\" data-anim-delay=\"100\"><div class=\"content-el-inner bg-white2    rounded-10 fly   rounded-lg pix-p-10\"><div style=\"z-index:30;position:relative;\"><div class=\"pix-content-box card      vc_custom_1591620493846    rounded-lg shadow-lg shadow-hover-lg bg- w-100  \"   ><div class=\"\" style=\"z-index:30;position:relative;\"><div id=\"duo-icon-140256765\" class=\"pix-icon text-left \"><div class=\"rounded-circle d-inline-block feature_img  bg-secondary-light\"   style=\" width:64.8px;height:64.8px;position:relative;line-height:64.8px;text-align:center;\"><i style=\"display:inline-block;font-size:36px;line-height:36px;\" class=\"text-secondary align-middle pixicon-user-circle-1\"><\/i><\/div><\/div><div  class=\"pix-heading-el text-left  vc_custom_1724433184080\"><div><div class=\"slide-in-container2\"><h3 class=\"text-heading-default font-weight-bold animate-in heading-text el-title_custom_color mb-12\" style=\"\" data-anim-type=\"fade-in-up\" data-anim-delay=\"200\">\u00a1Hola! Soy Jessica Flores<\/h3><\/div><\/div><\/div><div class=\"pix-el-text w-100   vc_custom_1724272339920\" ><div class=\"d-inline-block\" style=\"max-width:500px;\"><p class=\"text-18  text-body-default  \" ><span class=\"text-body-default animate-in d-inline-block\" data-anim-delay=\"400\" data-anim-type=\"fade-in-up\">Candidata a Alcaldesa por Chiguayante. Trabajando para contribuir a un nuevo comienzo en Chiguayante.<\/span><\/p><\/div><\/div><div id=\"duo-icon-105139654\" class=\"slide-in-container w-100  \" ><div class=\"py-2 animate-in\" data-anim-type=\"fade-in-up\" data-anim-delay=\"600\"><div class=\"pix-feature-list text-18  font-weight-bold     py-2 d-flex align-items-center\" ><div class=\"pix-mr-10 text-primary\" style=\"width:1.5em;min-width:1.5em;height:1.5em;min-width:1.5em;position:relative;line-height:1em;text-align:center;\"><svg width=\"100%\" height=\"100%\" viewBox=\"0 0 24 24\" version=\"1.1\" xmlns=\"http:\/\/www.w3.org\/2000\/svg\" xmlns:xlink=\"http:\/\/www.w3.org\/1999\/xlink\"> <defs><\/defs> <g stroke=\"none\" stroke-width=\"1\" fill=\"none\" fill-rule=\"evenodd\"> <path d=\"M8,4 L16,4 C17.1045695,4 18,4.8954305 18,6 L18,17.726765 C18,18.2790497 17.5522847,18.726765 17,18.726765 C16.7498083,18.726765 16.5087052,18.6329798 16.3242754,18.4639191 L12.6757246,15.1194142 C12.2934034,14.7689531 11.7065966,14.7689531 11.3242754,15.1194142 L7.67572463,18.4639191 C7.26860564,18.8371115 6.63603827,18.8096086 6.26284586,18.4024896 C6.09378519,18.2180598 6,17.9769566 6,17.726765 L6,6 C6,4.8954305 6.8954305,4 8,4 Z\" id=\"Rectangle-31\" fill=\"#000000\"><\/path> <\/g> <\/svg><\/div><span class=\"text-heading-default\">Terapeuta Familiar<\/span><\/div><div class=\"pix-feature-list text-18  font-weight-bold     py-2 d-flex align-items-center\" ><a class=\"d-flex align-items-center\" href=\"https:\/\/wa.me\/56998864547\" target=\"\"><div class=\"pix-mr-10 text-primary\" style=\"width:1.5em;min-width:1.5em;height:1.5em;min-width:1.5em;position:relative;line-height:1em;text-align:center;\"><svg width=\"100%\" height=\"100%\" viewBox=\"0 0 24 24\" version=\"1.1\" xmlns=\"http:\/\/www.w3.org\/2000\/svg\" xmlns:xlink=\"http:\/\/www.w3.org\/1999\/xlink\"> <defs><\/defs> <g stroke=\"none\" stroke-width=\"1\" fill=\"none\" fill-rule=\"evenodd\"> <polygon id=\"Path-75\" fill=\"#000000\" opacity=\"0.3\" points=\"5 15 3 21.5 9.5 19.5\"><\/polygon> <path d=\"M13.5,21 C8.25329488,21 4,16.7467051 4,11.5 C4,6.25329488 8.25329488,2 13.5,2 C18.7467051,2 23,6.25329488 23,11.5 C23,16.7467051 18.7467051,21 13.5,21 Z M8.5,13 C9.32842712,13 10,12.3284271 10,11.5 C10,10.6715729 9.32842712,10 8.5,10 C7.67157288,10 7,10.6715729 7,11.5 C7,12.3284271 7.67157288,13 8.5,13 Z M13.5,13 C14.3284271,13 15,12.3284271 15,11.5 C15,10.6715729 14.3284271,10 13.5,10 C12.6715729,10 12,10.6715729 12,11.5 C12,12.3284271 12.6715729,13 13.5,13 Z M18.5,13 C19.3284271,13 20,12.3284271 20,11.5 C20,10.6715729 19.3284271,10 18.5,10 C17.6715729,10 17,10.6715729 17,11.5 C17,12.3284271 17.6715729,13 18.5,13 Z\" fill=\"#000000\"><\/path> <\/g> <\/svg><\/div><span class=\"text-heading-default\">Hablemos por WhatsApp<\/span><\/a><\/div><div class=\"pix-feature-list text-18  font-weight-bold     py-2 d-flex align-items-center\" ><div class=\"pix-mr-10 text-primary\" style=\"width:1.5em;min-width:1.5em;height:1.5em;min-width:1.5em;position:relative;line-height:1em;text-align:center;\"><svg width=\"100%\" height=\"100%\" viewBox=\"0 0 24 24\" version=\"1.1\" xmlns=\"http:\/\/www.w3.org\/2000\/svg\" xmlns:xlink=\"http:\/\/www.w3.org\/1999\/xlink\"> <defs><\/defs> <g stroke=\"none\" stroke-width=\"1\" fill=\"none\" fill-rule=\"evenodd\"> <path d=\"M5,10.5 C5,6 8,3 12.5,3 C17,3 20,6.75 20,10.5 C20,12.8325623 17.8236613,16.03566 13.470984,20.1092932 C12.9154018,20.6292577 12.0585054,20.6508331 11.4774555,20.1594925 C7.15915182,16.5078313 5,13.2880005 5,10.5 Z M12.5,12 C13.8807119,12 15,10.8807119 15,9.5 C15,8.11928813 13.8807119,7 12.5,7 C11.1192881,7 10,8.11928813 10,9.5 C10,10.8807119 11.1192881,12 12.5,12 Z\" fill=\"#000000\" fill-rule=\"nonzero\"><\/path> <\/g> <\/svg><\/div><span class=\"text-heading-default\">Chiguayante, Chile<\/span><\/div><\/div><\/div><\/div><\/div><\/div><\/div><\/div><\/div>\n[\/vc_column][\/vc_row][\/vc_section][vc_section pix_over_visibility=\u00bb\u00bb][vc_row pix_particles_check=\u00bb\u00bb][vc_column width=\u00bb1\/6&#8243;][\/vc_column][vc_column width=\u00bb2\/3&#8243;]<div id=\"el1724271868688-5b02c31f-e512\" class=\"pix-el-text   w-100  \" ><p class=\"\"><p>\u00a1Hola! Soy <strong>Jessica Flores Reyes<\/strong>, casada, madre de cuatro hijos y cuatro mascotas que tambi\u00e9n son parte de mi familia, lo que me ha ense\u00f1ado el valor de la dedicaci\u00f3n y el compromiso en todos los aspectos de la vida. Soy terapeuta familiar con una profunda pasi\u00f3n por el bienestar de las familias y las comunidades. Tengo el privilegio de contar con dos maestr\u00edas\u2014una en Ciencias de la Familia y otra en Pol\u00edticas P\u00fablicas\u2014y ocho diplomados en infancia y familia. Durante m\u00e1s de 25 a\u00f1os, he dedicado mi carrera a la administraci\u00f3n p\u00fablica, trabajando para mejorar la calidad de vida de las personas y apoyar a las familias en su desarrollo.<\/p>\n<p>He tenido el honor de servir como <strong>concejal de Chiguayante 2016-2021<\/strong>, donde me compromet\u00ed a escuchar y representar las necesidades de nuestra comunidad. Tambi\u00e9n he ocupado cargos p\u00fablicos como <strong>Directora de SENAME<\/strong> y <strong>Directora de PRODEMU, <\/strong>fundaci\u00f3n de la ex Primera Dama Cecilia Morel, roles en los que pude impulsar pol\u00edticas y programas clave para el apoyo de ni\u00f1os, ni\u00f1as y mujeres en situaci\u00f3n de vulnerabilidad.<\/p>\n<p>Adem\u00e1s de mi experiencia en el sector p\u00fablico, tengo una <strong>vocaci\u00f3n docente<\/strong> que me ha llevado a compartir mis conocimientos como profesora universitaria. Esta combinaci\u00f3n de experiencias me ha brindado una perspectiva amplia y una profunda comprensi\u00f3n de los desaf\u00edos y oportunidades que enfrenta nuestra comuna.<\/p>\n<p>Mi objetivo ahora es contribuir a <strong>un nuevo comienzo para Chiguayante<\/strong>, utilizando mi experiencia y mi pasi\u00f3n para construir un futuro mejor para todos.<\/p>\n<\/p><\/div>[\/vc_column][vc_column width=\u00bb1\/6&#8243;][\/vc_column][\/vc_row][\/vc_section]<\/div>","protected":false},"excerpt":{"rendered":"[vc_section full_width=\u00bbstretch_row\u00bb pix_over_visibility=\u00bb\u00bb bottom_divider_select=\u00bb8&#8243; bottom_layers=\u00bb1&#8243; b_1_color=\u00bb#f8f9fa\u00bb pix_overlay_color=\u00bbgradient-primary\u00bb b_custom_height=\u00bb400px\u00bb css=\u00bb.vc_custom_1592788832640{padding-top: 60px !important;padding-bottom: 120px !important;background: #ffffff url(https:\/\/essentials.pixfort.com\/personal\/wp-content\/uploads\/sites\/25\/2020\/06\/pattern-people-white.png?id=3523) !important;background-position: 0 0 !important;background-repeat: repeat !important;}\u00bb t_custom_height=\u00bb400px\u00bb pix_overlay_opacity=\u00bb0.9&#8243;][vc_row full_width=\u00bbstretch_row\u00bb pix_particles_check=\u00bb\u00bb css=\u00bb.vc_custom_1591622041582{padding-top: 60px !important;}\u00bb][vc_column][\/vc_column][\/vc_row][\/vc_section][vc_section pix_over_visibility=\u00bb\u00bb][vc_row pix_particles_check=\u00bb\u00bb][vc_column width=\u00bb1\/6&#8243;][\/vc_column][vc_column width=\u00bb2\/3&#8243;][\/vc_column][vc_column width=\u00bb1\/6&#8243;][\/vc_column][\/vc_row][\/vc_section]","protected":false},"author":2,"featured_media":0,"parent":0,"menu_order":0,"comment_status":"closed","ping_status":"closed","template":"","meta":{"footnotes":""},"class_list":["post-13357","page","type-page","status-publish","hentry"],"_links":{"self":[{"href":"https:\/\/jessicaflores.cl\/sumate\/wp-json\/wp\/v2\/pages\/13357","targetHints":{"allow":["GET"]}}],"collection":[{"href":"https:\/\/jessicaflores.cl\/sumate\/wp-json\/wp\/v2\/pages"}],"about":[{"href":"https:\/\/jessicaflores.cl\/sumate\/wp-json\/wp\/v2\/types\/page"}],"author":[{"embeddable":true,"href":"https:\/\/jessicaflores.cl\/sumate\/wp-json\/wp\/v2\/users\/2"}],"replies":[{"embeddable":true,"href":"https:\/\/jessicaflores.cl\/sumate\/wp-json\/wp\/v2\/comments?post=13357"}],"version-history":[{"count":9,"href":"https:\/\/jessicaflores.cl\/sumate\/wp-json\/wp\/v2\/pages\/13357\/revisions"}],"predecessor-version":[{"id":13515,"href":"https:\/\/jessicaflores.cl\/sumate\/wp-json\/wp\/v2\/pages\/13357\/revisions\/13515"}],"wp:attachment":[{"href":"https:\/\/jessicaflores.cl\/sumate\/wp-json\/wp\/v2\/media?parent=13357"}],"curies":[{"name":"wp","href":"https:\/\/api.w.org\/{rel}","templated":true}]}}